{"id":2337,"date":"2023-08-20T13:29:37","date_gmt":"2023-08-20T11:29:37","guid":{"rendered":"http:\/\/www.edu.lediz.lmu.de\/wordpress\/?page_id=2337"},"modified":"2024-06-16T23:11:31","modified_gmt":"2024-06-16T21:11:31","slug":"musik-im-kz-theresienstadt-xr-hub","status":"publish","type":"page","link":"http:\/\/www.edu.lediz.lmu.de\/wordpress\/musik-im-kz-theresienstadt-xr-hub\/","title":{"rendered":"Musik im KZ Theresienstadt (XR-Hub)"},"content":{"rendered":"\n<div class=\"wp-block-group is-layout-flow wp-block-group-is-layout-flow\"><style scoped>#gspb_row-id-gsbp-d52ca733-6741{justify-content:space-between;margin-top:0px;margin-bottom:0px;display:flex;flex-wrap:wrap;}#gspb_row-id-gsbp-d52ca733-6741 >.gspb_row__content{display:flex;justify-content:space-between;margin:0 auto;width:100%;flex-wrap:wrap;}.gspb_row{position:relative;}div[id^=gspb_col-id]{padding:15px min(3vw,20px);box-sizing:border-box;position:relative;}#gspb_row-id-gsbp-d52ca733-6741 >.gspb_row__content{column-gap:0px;flex-wrap:nowrap;}@media (max-width:991.98px){#gspb_row-id-gsbp-d52ca733-6741 >.gspb_row__content{row-gap:18px;column-gap:18px;flex-wrap:wrap;}}@media (max-width:767.98px){#gspb_row-id-gsbp-d52ca733-6741 >.gspb_row__content{row-gap:15px;flex-wrap:wrap;}}@media (max-width:575.98px){#gspb_row-id-gsbp-d52ca733-6741 >.gspb_row__content{row-gap:15px;flex-wrap:wrap;}}#gspb_row-id-gsbp-d52ca733-6741 >.gspb_row__content{max-width:100%;align-items:flex-start;justify-content:space-between;}#gspb_row-id-gsbp-d52ca733-6741{align-content:flex-start;}#gspb_row-id-gsbp-d52ca733-6741{margin-right:1%;margin-left:1%;padding-top:1%;padding-bottom:1%;}@media (max-width:575.98px){#gspb_row-id-gsbp-d52ca733-6741{margin-top:5%;margin-bottom:5%;padding-top:5px;padding-bottom:5px;}}<\/style>\n<div class=\"wp-block-greenshift-blocks-row gspb_row gspb_row-id-gsbp-d52ca733-6741 gspb_row--gutter-custom-0\" id=\"gspb_row-id-gsbp-d52ca733-6741\"><div class=\"gspb_row__content\"> <style scoped>#gspb_col-id-gsbp-ce940440-875f.gspb_row__col--6{width:calc(50% - 15px);}@media (max-width:991.98px){#gspb_col-id-gsbp-ce940440-875f.gspb_row__col--6{width:100%;}}@media (max-width:767.98px){#gspb_col-id-gsbp-ce940440-875f.gspb_row__col--6{width:100%;}}@media (max-width:575.98px){#gspb_col-id-gsbp-ce940440-875f.gspb_row__col--6{width:100%;}}#gspb_col-id-gsbp-ce940440-875f.gspb_row__col--6{background-color:#ffffff;}#gspb_col-id-gsbp-ce940440-875f.gspb_row__col--6{border-top-left-radius:12px;border-top-right-radius:12px;border-bottom-right-radius:12px;border-bottom-left-radius:12px;}#gspb_col-id-gsbp-ce940440-875f.gspb_row__col--6{border-style:none;border-width:7px;border-color:#ffa800;}#gspb_col-id-gsbp-ce940440-875f.gspb_row__col--6 >.gspb_backgroundOverlay{border-top-left-radius:12px;border-top-right-radius:12px;border-bottom-right-radius:12px;border-bottom-left-radius:12px;}<\/style>\n<div class=\"wp-block-greenshift-blocks-row-column gspb_row__col--6 gspb_row__col--md-12 gspb_row__col--sm-12 gspb_row__col--xs-12 gspb_col-id-gsbp-ce940440-875f\" id=\"gspb_col-id-gsbp-ce940440-875f\"><style scoped>.gspb_container-id-gsbp-309c54b7-9b72{flex-direction:column;box-sizing:border-box;}#gspb_container-id-gsbp-309c54b7-9b72.gspb_container >p:last-of-type{margin-bottom:0}.gspb_container{position:relative;}#gspb_container-id-gsbp-309c54b7-9b72.gspb_container{height:100%;}#gspb_container-id-gsbp-309c54b7-9b72.gspb_container{border-style:none;}<\/style>\n<div class=\"wp-block-greenshift-blocks-container gspb_container gspb_container-gsbp-309c54b7-9b72\" id=\"gspb_container-id-gsbp-309c54b7-9b72\"><style scoped>.gspb_container-id-gsbp-39881714-0faa{flex-direction:column;box-sizing:border-box;}#gspb_container-id-gsbp-39881714-0faa.gspb_container >p:last-of-type{margin-bottom:0}.gspb_container{position:relative;}#gspb_container-id-gsbp-39881714-0faa.gspb_container{display:flex;flex-wrap:nowrap;justify-content:center;align-content:center;align-items:center;}#gspb_container-id-gsbp-39881714-0faa.gspb_container{height:8vh;}#gspb_container-id-gsbp-39881714-0faa.gspb_container{background-color:#fa6705;}<\/style>\n<div class=\"wp-block-greenshift-blocks-container gspb_container gspb_container-gsbp-39881714-0faa\" id=\"gspb_container-id-gsbp-39881714-0faa\"><style scoped>@import url(\"https:\/\/fonts.googleapis.com\/css?family=Fira+Sans\");.gspb_text-id-gsbp-8e847dcb-1a12{font-weight:400;}.gspb_text-id-gsbp-8e847dcb-1a12{font-family:Fira Sans,sans-serif;}.gspb_text-id-gsbp-8e847dcb-1a12{font-size:1.5ch;}.gspb_text-id-gsbp-8e847dcb-1a12,.gspb_text-id-gsbp-8e847dcb-1a12 .gsap-g-line{text-align:center!important;}.gspb_text-id-gsbp-8e847dcb-1a12{color:#ffffff;}<\/style>\n<div id=\"gspb_text-id-gsbp-8e847dcb-1a12\" class=\"gspb_text gspb_text-id-gsbp-8e847dcb-1a12 \"><strong><strong>Musik im KZ Theresienstadt (XR-Hub)<\/strong><\/strong><\/div>\n<\/div>\n\n\n\n<p>\u201eMusik im KZ Theresienstadt\u201c ist eine kostenlose e-Learning-Plattform, die Sch\u00fcler:innen, Student:innen und anderen Interessierten einen Einblick in das kulturelle Leben des KZ Theresienstadt bieten soll. In der Schule ist eine konzentrierte Besch\u00e4ftigung mit diesem Thema innerhalb einer Doppelstunde m\u00f6glich. Die Plattform besteht aus drei virtuell begehbaren 3D-R\u00e4umen und einem 360\u00b0-Video. Der erste Raum informiert \u00fcber die Hintergr\u00fcnde des KZ Theresienstadt und das Leben der H\u00e4ftlinge. Der zweite Raum stellt das kulturelle Leben im KZ Theresienstadt dar. Der dritte Raum skizziert Leben und Werk des Komponisten Viktor Ullmann. Das 360\u00b0-Video ist eine multiperspektivische Aufzeichnung von Viktor Ullmanns letztem Werk \u201eDie Weise von Liebe und Tod des Cornets Christoph Rilke\u201c, das von den Musiker:innen des Jewish Chamber Orchestra Munich an historischen Schaupl\u00e4tzen in Theresienstadt aufgef\u00fchrt wurde. Online haben Nutzer:innen die M\u00f6glichkeit, die Kameraregie zur Musik selbst zu \u00fcbernehmen: sie k\u00f6nnen zwischen den einzelnen Bildspuren frei wechseln. Die Plattform ist als Lernspiel konzipiert: In jedem Raum m\u00fcssen die Sch\u00fcler:innen Fragen l\u00f6sen, die sich nur durch genaues Lesen\/Anh\u00f6ren\/Ansehen der medialen Inhalte in den R\u00e4umen beantworten lassen. Durch das richtige Beantworten der Fragen werden die Zugangsdaten zum n\u00e4chsten Raum generiert. Die entsprechenden Aufgabenbl\u00e4tter und weitere Informationen finden Sie, indem Sie auf das Bild klicken.<\/p>\n<\/div>\n<\/div>\n\n\n<style scoped>#gspb_col-id-gsbp-2b215f64-01dd.gspb_row__col--6{width:calc(50% - 12.5px);}@media (max-width:991.98px){#gspb_col-id-gsbp-2b215f64-01dd.gspb_row__col--6{width:100%;}}@media (max-width:767.98px){#gspb_col-id-gsbp-2b215f64-01dd.gspb_row__col--6{width:100%;}}@media (max-width:575.98px){#gspb_col-id-gsbp-2b215f64-01dd.gspb_row__col--6{width:100%;}}body #gspb_col-id-gsbp-2b215f64-01dd.gspb_row__col--6{display:flex;flex-direction:column;flex-wrap:nowrap;justify-content:flex-start;align-items:stretch;row-gap:15px;}#gspb_col-id-gsbp-2b215f64-01dd.gspb_row__col--6{border-top-left-radius:12px;border-top-right-radius:12px;border-bottom-right-radius:12px;border-bottom-left-radius:12px;}#gspb_col-id-gsbp-2b215f64-01dd.gspb_row__col--6{border-style:none;border-width:5px;border-color:#d40f18;}#gspb_col-id-gsbp-2b215f64-01dd.gspb_row__col--6 >.gspb_backgroundOverlay{border-top-left-radius:12px;border-top-right-radius:12px;border-bottom-right-radius:12px;border-bottom-left-radius:12px;}<\/style>\n<div class=\"wp-block-greenshift-blocks-row-column gspb_row__col--6 gspb_row__col--md-12 gspb_row__col--sm-12 gspb_row__col--xs-12 gspb_col-id-gsbp-2b215f64-01dd\" id=\"gspb_col-id-gsbp-2b215f64-01dd\"><style scoped>.gspb_container-id-gsbp-58c039df-b4d2{flex-direction:column;box-sizing:border-box;}#gspb_container-id-gsbp-58c039df-b4d2.gspb_container >p:last-of-type{margin-bottom:0}.gspb_container{position:relative;}#gspb_container-id-gsbp-58c039df-b4d2.gspb_container{box-shadow:8px 10px 13px 6px #0000004a;}#gspb_container-id-gsbp-58c039df-b4d2.gspb_container{border-top-left-radius:12px;border-top-right-radius:12px;border-bottom-right-radius:12px;border-bottom-left-radius:12px;}#gspb_container-id-gsbp-58c039df-b4d2.gspb_container{border-style:solid;border-width:5px;border-color:#fa6705;}#gspb_container-id-gsbp-58c039df-b4d2.gspb_container >.gspb_backgroundOverlay{border-top-left-radius:12px;border-top-right-radius:12px;border-bottom-right-radius:12px;border-bottom-left-radius:12px;}#gspb_container-id-gsbp-58c039df-b4d2.gspb_container .gspb-containerlink{position:absolute;top:0;left:0;right:0;bottom:0;z-index:1}<\/style>\n<div class=\"wp-block-greenshift-blocks-container gspb_container gspb_container-gsbp-58c039df-b4d2 hvr-float\" id=\"gspb_container-id-gsbp-58c039df-b4d2\"><a class=\"gspb-containerlink\" href=\"https:\/\/jcom.de\/elearning\/\" rel=\"noopener\"><\/a><style scoped>.gspb_container-id-gsbp-9fdbf498-633e{flex-direction:column;box-sizing:border-box;}#gspb_container-id-gsbp-9fdbf498-633e.gspb_container >p:last-of-type{margin-bottom:0}.gspb_container{position:relative;}#gspb_container-id-gsbp-9fdbf498-633e.gspb_container{height:100%;}#gspb_container-id-gsbp-9fdbf498-633e.gspb_container{border-style:none;}<\/style>\n<div class=\"wp-block-greenshift-blocks-container gspb_container gspb_container-gsbp-9fdbf498-633e\" id=\"gspb_container-id-gsbp-9fdbf498-633e\"><style scoped>.gspb_container-id-gsbp-0f5fe450-9d2f{flex-direction:column;box-sizing:border-box;}#gspb_container-id-gsbp-0f5fe450-9d2f.gspb_container >p:last-of-type{margin-bottom:0}.gspb_container{position:relative;}#gspb_container-id-gsbp-0f5fe450-9d2f.gspb_container{display:flex;flex-wrap:nowrap;justify-content:center;align-content:center;align-items:center;}#gspb_container-id-gsbp-0f5fe450-9d2f.gspb_container{height:9vh;}#gspb_container-id-gsbp-0f5fe450-9d2f.gspb_container{border-style:none;}#gspb_container-id-gsbp-0f5fe450-9d2f.gspb_container{border-top-style:none;border-top-width:3px;}#gspb_container-id-gsbp-0f5fe450-9d2f.gspb_container{border-right-style:none;border-right-width:3px;}#gspb_container-id-gsbp-0f5fe450-9d2f.gspb_container{border-bottom-style:none;}#gspb_container-id-gsbp-0f5fe450-9d2f.gspb_container{border-left-style:none;border-left-width:3px;}#gspb_container-id-gsbp-0f5fe450-9d2f.gspb_container{background-color:#fa6705;}<\/style>\n<div class=\"wp-block-greenshift-blocks-container gspb_container gspb_container-gsbp-0f5fe450-9d2f\" id=\"gspb_container-id-gsbp-0f5fe450-9d2f\"><style scoped>@import url(\"https:\/\/fonts.googleapis.com\/css?family=Fira+Sans\");.gspb_text-id-gsbp-32d9e911-2696{font-weight:400;}.gspb_text-id-gsbp-32d9e911-2696{font-family:Fira Sans,sans-serif;}.gspb_text-id-gsbp-32d9e911-2696{font-size:1.6ch;}.gspb_text-id-gsbp-32d9e911-2696,.gspb_text-id-gsbp-32d9e911-2696 .gsap-g-line{text-align:center!important;}.gspb_text-id-gsbp-32d9e911-2696{color:#ffffff;}<\/style>\n<div id=\"gspb_text-id-gsbp-32d9e911-2696\" class=\"gspb_text gspb_text-id-gsbp-32d9e911-2696 \"><strong>XR-Hub<\/strong><\/div>\n<\/div>\n\n\n<style scoped>#gspb_image-id-gsbp-f59e2300-5237{text-align:center;}#gspb_image-id-gsbp-f59e2300-5237 img{object-fit:fill;}#gspb_image-id-gsbp-f59e2300-5237 img{object-position:50% 51%;}#gspb_image-id-gsbp-f59e2300-5237 img{vertical-align:middle;}#gspb_image-id-gsbp-f59e2300-5237 img{display:inline-block;box-sizing:border-box;max-width:100%;height:auto;}#gspb_image-id-gsbp-f59e2300-5237 img{border-style:none;}#gspb_image-id-gsbp-f59e2300-5237 img{width:100%;}#gspb_image-id-gsbp-f59e2300-5237,#gspb_image-id-gsbp-f59e2300-5237 img{height:auto;}@media (max-width:991.98px){#gspb_image-id-gsbp-f59e2300-5237,#gspb_image-id-gsbp-f59e2300-5237 img{height:auto;}}@media (max-width:767.98px){#gspb_image-id-gsbp-f59e2300-5237,#gspb_image-id-gsbp-f59e2300-5237 img{height:auto;}}@media (max-width:575.98px){#gspb_image-id-gsbp-f59e2300-5237,#gspb_image-id-gsbp-f59e2300-5237 img{height:auto;}}<\/style>\n<div class=\"wp-block-greenshift-blocks-image gspb_image gspb_image-id-gsbp-f59e2300-5237\" id=\"gspb_image-id-gsbp-f59e2300-5237\"><img decoding=\"async\" src=\"http:\/\/www.edu.lediz.lmu.de\/wordpress\/wp-content\/uploads\/2023\/08\/MusikimKZTheresienstadt.png\" data-src=\"\" alt=\"\" loading=\"lazy\" width=\"100%\" height=\"200\"\/><\/div>\n<\/div>\n<\/div>\n<\/div>\n <\/div><\/div>\n<\/div>\n","protected":false},"excerpt":{"rendered":"","protected":false},"author":1,"featured_media":0,"parent":0,"menu_order":0,"comment_status":"closed","ping_status":"closed","template":"wp-custom-template-ledi-z-default","meta":{"_editorskit_title_hidden":false,"_editorskit_reading_time":0,"_editorskit_is_block_options_detached":false,"_editorskit_block_options_position":"{}","_gspb_post_css":"@import url(https:\/\/fonts.googleapis.com\/css?family=Fira+Sans|Fira+Sans);.gspb_text-id-gsbp-32d9e911-2696,.gspb_text-id-gsbp-8e847dcb-1a12{font-weight:400;font-family:Fira Sans,sans-serif;font-size:1.5ch;text-align:center!important;color:#fff}.gspb_text-id-gsbp-32d9e911-2696{font-size:1.6ch}.gspb_text-id-gsbp-32d9e911-2696 .gsap-g-line,.gspb_text-id-gsbp-8e847dcb-1a12 .gsap-g-line{text-align:center!important}#gspb_image-id-gsbp-f59e2300-5237{text-align:center;height:auto}#gspb_image-id-gsbp-f59e2300-5237 img{object-fit:fill;object-position:50% 51%;vertical-align:middle;display:inline-block;box-sizing:border-box;max-width:100%;border-style:none;width:100%;height:auto}@media (max-width:991.98px){#gspb_image-id-gsbp-f59e2300-5237,#gspb_image-id-gsbp-f59e2300-5237 img{height:auto}}@media (max-width:767.98px){#gspb_image-id-gsbp-f59e2300-5237,#gspb_image-id-gsbp-f59e2300-5237 img{height:auto}}@media (max-width:575.98px){#gspb_image-id-gsbp-f59e2300-5237,#gspb_image-id-gsbp-f59e2300-5237 img{height:auto}}#gspb_row-id-gsbp-d52ca733-6741{justify-content:space-between;display:flex;flex-wrap:wrap;align-content:flex-start;margin:0 1%;padding-top:1%;padding-bottom:1%}#gspb_row-id-gsbp-d52ca733-6741>.gspb_row__content{display:flex;margin:0 auto;width:100%;column-gap:0;flex-wrap:nowrap}.gspb_row{position:relative}div[id^=gspb_col-id]{padding:15px min(3vw,20px);box-sizing:border-box;position:relative}@media (max-width:991.98px){#gspb_row-id-gsbp-d52ca733-6741>.gspb_row__content{row-gap:18px;column-gap:18px;flex-wrap:wrap}}@media (max-width:767.98px){#gspb_row-id-gsbp-d52ca733-6741>.gspb_row__content{row-gap:15px;flex-wrap:wrap}}@media (max-width:575.98px){#gspb_row-id-gsbp-d52ca733-6741>.gspb_row__content{row-gap:15px;flex-wrap:wrap}}#gspb_row-id-gsbp-d52ca733-6741>.gspb_row__content{max-width:100%;align-items:flex-start;justify-content:space-between}@media (max-width:575.98px){#gspb_row-id-gsbp-d52ca733-6741{margin-top:5%;margin-bottom:5%;padding-top:5px;padding-bottom:5px}}#gspb_col-id-gsbp-ce940440-875f.gspb_row__col--6{width:calc(50% - 15px)}@media (max-width:991.98px){#gspb_col-id-gsbp-ce940440-875f.gspb_row__col--6{width:calc(142.30769230769232% - 15px)}}@media (max-width:767.98px){#gspb_col-id-gsbp-ce940440-875f.gspb_row__col--6{width:calc(142.30769230769232% - 15px)}}@media (max-width:575.98px){#gspb_col-id-gsbp-ce940440-875f.gspb_row__col--6{width:calc(142.30769230769232% - 15px)}}#gspb_col-id-gsbp-ce940440-875f.gspb_row__col--6{background-color:#fff;border-style:none;border-width:7px;border-color:#ffa800}#gspb_col-id-gsbp-2b215f64-01dd.gspb_row__col--6>.gspb_backgroundOverlay,#gspb_col-id-gsbp-ce940440-875f.gspb_row__col--6,#gspb_col-id-gsbp-ce940440-875f.gspb_row__col--6>.gspb_backgroundOverlay,#gspb_container-id-gsbp-58c039df-b4d2.gspb_container>.gspb_backgroundOverlay{border-top-left-radius:12px;border-top-right-radius:12px;border-bottom-right-radius:12px;border-bottom-left-radius:12px}.gspb_container-id-gsbp-309c54b7-9b72{flex-direction:column;box-sizing:border-box}#gspb_container-id-gsbp-0f5fe450-9d2f.gspb_container>p:last-of-type,#gspb_container-id-gsbp-309c54b7-9b72.gspb_container>p:last-of-type,#gspb_container-id-gsbp-39881714-0faa.gspb_container>p:last-of-type,#gspb_container-id-gsbp-58c039df-b4d2.gspb_container>p:last-of-type,#gspb_container-id-gsbp-9fdbf498-633e.gspb_container>p:last-of-type{margin-bottom:0}#gspb_container-id-gsbp-309c54b7-9b72.gspb_container{height:100%;border-style:none}.gspb_container-id-gsbp-39881714-0faa{flex-direction:column;box-sizing:border-box}#gspb_container-id-gsbp-39881714-0faa.gspb_container{display:flex;flex-wrap:nowrap;justify-content:center;align-content:center;align-items:center;height:8vh;background-color:#fa6705}#gspb_col-id-gsbp-2b215f64-01dd.gspb_row__col--6{width:calc(50% - 12.5px)}@media (max-width:991.98px){#gspb_col-id-gsbp-2b215f64-01dd.gspb_row__col--6{width:calc(100% - 12.5px)}}@media (max-width:767.98px){#gspb_col-id-gsbp-2b215f64-01dd.gspb_row__col--6{width:calc(100% - 12.5px)}}@media (max-width:575.98px){#gspb_col-id-gsbp-2b215f64-01dd.gspb_row__col--6{width:100%}}body #gspb_col-id-gsbp-2b215f64-01dd.gspb_row__col--6{display:flex;flex-direction:column;flex-wrap:nowrap;justify-content:flex-start;align-items:stretch;row-gap:15px}#gspb_col-id-gsbp-2b215f64-01dd.gspb_row__col--6,#gspb_container-id-gsbp-58c039df-b4d2.gspb_container{border-top-left-radius:12px;border-top-right-radius:12px;border-bottom-right-radius:12px;border-bottom-left-radius:12px;border-style:none;border-width:5px;border-color:#d40f18}#gspb_container-id-gsbp-58c039df-b4d2.gspb_container{box-shadow:8px 10px 13px 6px #0000004a;border-style:solid;border-color:#fa6705}#gspb_container-id-gsbp-58c039df-b4d2.gspb_container .gspb-containerlink{position:absolute;top:0;left:0;right:0;bottom:0;z-index:1}#gspb_container-id-gsbp-9fdbf498-633e.gspb_container{height:100%;border-style:none}.gspb_container-id-gsbp-0f5fe450-9d2f,.gspb_container-id-gsbp-58c039df-b4d2,.gspb_container-id-gsbp-9fdbf498-633e{flex-direction:column;box-sizing:border-box}.gspb_container{position:relative}#gspb_container-id-gsbp-0f5fe450-9d2f.gspb_container{display:flex;flex-wrap:nowrap;justify-content:center;align-content:center;align-items:center;height:9vh;border-top-width:3px;border-right-width:3px;border-style:none;border-left-width:3px;background-color:#fa6705}","footnotes":""},"class_list":["post-2337","page","type-page","status-publish","hentry"],"_links":{"self":[{"href":"http:\/\/www.edu.lediz.lmu.de\/wordpress\/wp-json\/wp\/v2\/pages\/2337","targetHints":{"allow":["GET"]}}],"collection":[{"href":"http:\/\/www.edu.lediz.lmu.de\/wordpress\/wp-json\/wp\/v2\/pages"}],"about":[{"href":"http:\/\/www.edu.lediz.lmu.de\/wordpress\/wp-json\/wp\/v2\/types\/page"}],"author":[{"embeddable":true,"href":"http:\/\/www.edu.lediz.lmu.de\/wordpress\/wp-json\/wp\/v2\/users\/1"}],"replies":[{"embeddable":true,"href":"http:\/\/www.edu.lediz.lmu.de\/wordpress\/wp-json\/wp\/v2\/comments?post=2337"}],"version-history":[{"count":11,"href":"http:\/\/www.edu.lediz.lmu.de\/wordpress\/wp-json\/wp\/v2\/pages\/2337\/revisions"}],"predecessor-version":[{"id":3984,"href":"http:\/\/www.edu.lediz.lmu.de\/wordpress\/wp-json\/wp\/v2\/pages\/2337\/revisions\/3984"}],"wp:attachment":[{"href":"http:\/\/www.edu.lediz.lmu.de\/wordpress\/wp-json\/wp\/v2\/media?parent=2337"}],"curies":[{"name":"wp","href":"https:\/\/api.w.org\/{rel}","templated":true}]}}