{"id":2754,"date":"2024-01-12T11:39:30","date_gmt":"2024-01-12T09:39:30","guid":{"rendered":"http:\/\/www.edu.lediz.lmu.de\/wordpress\/?page_id=2754"},"modified":"2024-03-22T05:26:47","modified_gmt":"2024-03-22T03:26:47","slug":"lediz-im-schulbuch","status":"publish","type":"page","link":"http:\/\/www.edu.lediz.lmu.de\/wordpress\/lediz-im-schulbuch\/","title":{"rendered":"LediZ im Schulbuch"},"content":{"rendered":"<style scoped>.gspb_container-id-gsbp-559a53a{flex-direction:column;box-sizing:border-box;}#gspb_container-id-gsbp-559a53a.gspb_container >p:last-of-type{margin-bottom:0}.gspb_container{position:relative;}<\/style>\n<div class=\"wp-block-greenshift-blocks-container gspb_container gspb_container-gsbp-559a53a\" id=\"gspb_container-id-gsbp-559a53a\"><style scoped>.gspb_container-id-gsbp-cac8255d-2c20{flex-direction:column;box-sizing:border-box;}#gspb_container-id-gsbp-cac8255d-2c20.gspb_container >p:last-of-type{margin-bottom:0}.gspb_container{position:relative;}#gspb_container-id-gsbp-cac8255d-2c20.gspb_container{display:flex;flex-direction:row;column-gap:5%;}@media (max-width:767.98px){#gspb_container-id-gsbp-cac8255d-2c20.gspb_container{flex-direction:column;}}@media (max-width:575.98px){#gspb_container-id-gsbp-cac8255d-2c20.gspb_container{flex-direction:column;flex-wrap:nowrap;justify-content:flex-start;align-content:flex-start;}}<\/style>\n<div class=\"wp-block-greenshift-blocks-container gspb_container gspb_container-gsbp-cac8255d-2c20\" id=\"gspb_container-id-gsbp-cac8255d-2c20\">\n<div id=\"gspb_text-id-gsbp-2cc012f9-562c\" class=\"gspb_text gspb_text-id-gsbp-2cc012f9-562c \">LediZ wird aktuell in den folgenden Schulb\u00fcchern mit dazugeh\u00f6rigen Lernaufgaben thematisiert:<br><br>Buchners Kolleg Geschichte 11. Ausgabe Bayern. Unterrichtswerk f\u00fcr die Oberstufe. (2023) Herausgegeben von Dieter Br\u00fcckner, Michael Mayer und Hanne Singer. Bamberg: C.C.Buchner Verlag.<br><br>Horizonte. Gymnasium. 11. Jahrgangsstufe. Bayern. (2023) Herausgegeben von Prof. Dr. Ulrich Baumg\u00e4rtner, Dr. Herbert Rogger und Dr. Wolf Weigand. Braunschweig: Westermann Bildungsmedien Verlag.<\/div>\n<\/div>\n<\/div>\n","protected":false},"excerpt":{"rendered":"","protected":false},"author":1,"featured_media":0,"parent":0,"menu_order":0,"comment_status":"closed","ping_status":"closed","template":"wp-custom-template-ledi-z-default","meta":{"_editorskit_title_hidden":false,"_editorskit_reading_time":0,"_editorskit_is_block_options_detached":false,"_editorskit_block_options_position":"{}","_gspb_post_css":".gspb_container-id-gsbp-559a53a{flex-direction:column;box-sizing:border-box}#gspb_container-id-gsbp-559a53a.gspb_container>p:last-of-type,#gspb_container-id-gsbp-cac8255d-2c20.gspb_container>p:last-of-type{margin-bottom:0}.gspb_container-id-gsbp-cac8255d-2c20{flex-direction:column;box-sizing:border-box}.gspb_container{position:relative}#gspb_container-id-gsbp-cac8255d-2c20.gspb_container{display:flex;flex-direction:row;column-gap:5%}@media (max-width:767.98px){#gspb_container-id-gsbp-cac8255d-2c20.gspb_container{flex-direction:column}}@media (max-width:575.98px){#gspb_container-id-gsbp-cac8255d-2c20.gspb_container{flex-direction:column;flex-wrap:nowrap;justify-content:flex-start;align-content:flex-start}}","footnotes":""},"class_list":["post-2754","page","type-page","status-publish","hentry"],"_links":{"self":[{"href":"http:\/\/www.edu.lediz.lmu.de\/wordpress\/wp-json\/wp\/v2\/pages\/2754","targetHints":{"allow":["GET"]}}],"collection":[{"href":"http:\/\/www.edu.lediz.lmu.de\/wordpress\/wp-json\/wp\/v2\/pages"}],"about":[{"href":"http:\/\/www.edu.lediz.lmu.de\/wordpress\/wp-json\/wp\/v2\/types\/page"}],"author":[{"embeddable":true,"href":"http:\/\/www.edu.lediz.lmu.de\/wordpress\/wp-json\/wp\/v2\/users\/1"}],"replies":[{"embeddable":true,"href":"http:\/\/www.edu.lediz.lmu.de\/wordpress\/wp-json\/wp\/v2\/comments?post=2754"}],"version-history":[{"count":2,"href":"http:\/\/www.edu.lediz.lmu.de\/wordpress\/wp-json\/wp\/v2\/pages\/2754\/revisions"}],"predecessor-version":[{"id":3730,"href":"http:\/\/www.edu.lediz.lmu.de\/wordpress\/wp-json\/wp\/v2\/pages\/2754\/revisions\/3730"}],"wp:attachment":[{"href":"http:\/\/www.edu.lediz.lmu.de\/wordpress\/wp-json\/wp\/v2\/media?parent=2754"}],"curies":[{"name":"wp","href":"https:\/\/api.w.org\/{rel}","templated":true}]}}