{"id":2841,"date":"2024-02-02T18:43:04","date_gmt":"2024-02-02T16:43:04","guid":{"rendered":"http:\/\/www.edu.lediz.lmu.de\/wordpress\/?page_id=2841"},"modified":"2024-02-02T18:50:43","modified_gmt":"2024-02-02T16:50:43","slug":"contact-en","status":"publish","type":"page","link":"http:\/\/www.edu.lediz.lmu.de\/wordpress\/contact-en\/","title":{"rendered":"Contact EN"},"content":{"rendered":"\n<div class=\"wp-block-group is-layout-flow wp-block-group-is-layout-flow\">\n<div class=\"wp-block-greenshift-blocks-row gspb_row gspb_row-id-gsbp-984a34bf-f26f gspb_row--gutter-custom-0\" id=\"gspb_row-id-gsbp-984a34bf-f26f\"><div class=\"gspb_row__content\"> \n<div class=\"wp-block-greenshift-blocks-row-column gspb_row__col--12 gspb_row__col--md-12 gspb_row__col--sm-12 gspb_row__col--xs-12 gspb_col-id-gsbp-24f3a1a9-f28e\" id=\"gspb_col-id-gsbp-24f3a1a9-f28e\">\n<div class=\"wp-block-greenshift-blocks-container gspb_container gspb_container-gsbp-3c559365-b14b\" id=\"gspb_container-id-gsbp-3c559365-b14b\">\n<h4 class=\"wp-block-heading\" id=\"kontakt\"><strong>Kontakt<\/strong><\/h4>\n\n\n\n<p><strong>Postal address<\/strong><\/p>\n\n\n\n<p>Ludwig-Maximilians-Universit\u00e4t M\u00fcnchen Department I \u2013 Germanistik et al. Lehrstuhl f\u00fcr Didaktik der deutschen Sprache und Literatur, Schellingstra\u00dfe 3 \/ R\u00fcckgeb\u00e4ude, 80799 M\u00fcnchen<\/p>\n\n\n\n<div style=\"height:20px\" aria-hidden=\"true\" class=\"wp-block-spacer\"><\/div>\n\n\n\n<p><strong>Office building:<\/strong><\/p>\n\n\n\n<p>Schellingstra\u00dfe 5 (Room 103), 80779, Munich <\/p>\n\n\n\n<p>Phone: +49 (0)89-2180-2915<\/p>\n\n\n\n<p>E-mail: d.didaktik@lrz.uni-muenchen.de\u00a0<\/p>\n<\/div>\n<\/div>\n <\/div><\/div>\n<\/div>\n","protected":false},"excerpt":{"rendered":"","protected":false},"author":4,"featured_media":0,"parent":0,"menu_order":0,"comment_status":"closed","ping_status":"closed","template":"wp-custom-template-ledi-z-en","meta":{"_editorskit_title_hidden":false,"_editorskit_reading_time":0,"_editorskit_is_block_options_detached":false,"_editorskit_block_options_position":"{}","_gspb_post_css":"#gspb_row-id-gsbp-984a34bf-f26f{justify-content:space-between;display:flex;flex-wrap:wrap;align-content:flex-start;margin:0 1%;padding-top:1%;padding-bottom:1%}#gspb_row-id-gsbp-984a34bf-f26f>.gspb_row__content{display:flex;margin:0 auto;width:100%;column-gap:0;flex-wrap:nowrap}.gspb_row{position:relative}div[id^=gspb_col-id]{padding:15px min(3vw,20px);box-sizing:border-box;position:relative}@media (max-width:991.98px){#gspb_row-id-gsbp-984a34bf-f26f>.gspb_row__content{row-gap:18px;column-gap:18px;flex-wrap:wrap}}@media (max-width:767.98px){#gspb_row-id-gsbp-984a34bf-f26f>.gspb_row__content{row-gap:15px;flex-wrap:wrap}}@media (max-width:575.98px){#gspb_row-id-gsbp-984a34bf-f26f>.gspb_row__content{row-gap:15px;flex-wrap:wrap}}#gspb_row-id-gsbp-984a34bf-f26f>.gspb_row__content{max-width:100%;align-items:flex-start;justify-content:space-between}@media (max-width:575.98px){#gspb_row-id-gsbp-984a34bf-f26f{margin-top:5%;margin-bottom:5%;padding-top:5px;padding-bottom:5px}}#gspb_col-id-gsbp-24f3a1a9-f28e.gspb_row__col--12{width:calc(100% - 15px)}@media (max-width:991.98px){#gspb_col-id-gsbp-24f3a1a9-f28e.gspb_row__col--12{width:100%}}@media (max-width:767.98px){#gspb_col-id-gsbp-24f3a1a9-f28e.gspb_row__col--12{width:100%}}@media (max-width:575.98px){#gspb_col-id-gsbp-24f3a1a9-f28e.gspb_row__col--12{width:100%}}#gspb_col-id-gsbp-24f3a1a9-f28e.gspb_row__col--12{border-style:none;border-width:7px;border-color:#ffa800}#gspb_col-id-gsbp-24f3a1a9-f28e.gspb_row__col--12,#gspb_col-id-gsbp-24f3a1a9-f28e.gspb_row__col--12>.gspb_backgroundOverlay,#gspb_container-id-gsbp-3c559365-b14b.gspb_container>.gspb_backgroundOverlay{border-top-left-radius:12px;border-top-right-radius:12px;border-bottom-right-radius:12px;border-bottom-left-radius:12px}.gspb_container-id-gsbp-3c559365-b14b{flex-direction:column;box-sizing:border-box}#gspb_container-id-gsbp-3c559365-b14b.gspb_container>p:last-of-type{margin-bottom:0}.gspb_container{position:relative}#gspb_container-id-gsbp-3c559365-b14b.gspb_container{padding:12px;height:100%;border-top-left-radius:12px;border-top-right-radius:12px;border-bottom-right-radius:12px;border-bottom-left-radius:12px;border-style:none;background-color:var(--wp--preset--color--background, #ffffff)}","footnotes":""},"class_list":["post-2841","page","type-page","status-publish","hentry"],"_links":{"self":[{"href":"http:\/\/www.edu.lediz.lmu.de\/wordpress\/wp-json\/wp\/v2\/pages\/2841","targetHints":{"allow":["GET"]}}],"collection":[{"href":"http:\/\/www.edu.lediz.lmu.de\/wordpress\/wp-json\/wp\/v2\/pages"}],"about":[{"href":"http:\/\/www.edu.lediz.lmu.de\/wordpress\/wp-json\/wp\/v2\/types\/page"}],"author":[{"embeddable":true,"href":"http:\/\/www.edu.lediz.lmu.de\/wordpress\/wp-json\/wp\/v2\/users\/4"}],"replies":[{"embeddable":true,"href":"http:\/\/www.edu.lediz.lmu.de\/wordpress\/wp-json\/wp\/v2\/comments?post=2841"}],"version-history":[{"count":2,"href":"http:\/\/www.edu.lediz.lmu.de\/wordpress\/wp-json\/wp\/v2\/pages\/2841\/revisions"}],"predecessor-version":[{"id":2848,"href":"http:\/\/www.edu.lediz.lmu.de\/wordpress\/wp-json\/wp\/v2\/pages\/2841\/revisions\/2848"}],"wp:attachment":[{"href":"http:\/\/www.edu.lediz.lmu.de\/wordpress\/wp-json\/wp\/v2\/media?parent=2841"}],"curies":[{"name":"wp","href":"https:\/\/api.w.org\/{rel}","templated":true}]}}