{"id":817,"date":"2022-10-10T15:38:50","date_gmt":"2022-10-10T13:38:50","guid":{"rendered":"http:\/\/www.edu.lediz.lmu.de\/wordpress\/?page_id=817"},"modified":"2023-12-20T10:41:41","modified_gmt":"2023-12-20T08:41:41","slug":"eva-umlaufs-interaktives-digitales-zeugnis-de","status":"publish","type":"page","link":"http:\/\/www.edu.lediz.lmu.de\/wordpress\/eva-umlaufs-interaktives-digitales-zeugnis-de\/","title":{"rendered":"Eva Umlaufs interaktives digitales Zeugnis DE"},"content":{"rendered":"\n<div class=\"wp-block-group alignwide is-vertical is-layout-flex wp-container-core-group-is-layout-fe9cc265 wp-block-group-is-layout-flex\">\n<div class=\"wp-block-greenshift-blocks-row gspb_row gspb_row-id-gsbp-70142423-6d39 gspb_row--gutter-custom-0\" id=\"gspb_row-id-gsbp-70142423-6d39\">\n<div class=\"wp-block-greenshift-blocks-row-column gspb_row__col--6 gspb_row__col--md-12 gspb_row__col--sm-12 gspb_row__col--xs-12 gspb_col-id-gsbp-e3bfeb82-efc3\" id=\"gspb_col-id-gsbp-e3bfeb82-efc3\">\n<div class=\"wp-block-greenshift-blocks-container gspb_container gspb_container-gsbp-296af147-49cd\" id=\"gspb_container-id-gsbp-296af147-49cd\"><div class=\"gspb_backgroundOverlay\"><\/div>\n<div class=\"wp-block-greenshift-blocks-container gspb_container gspb_container-gsbp-eb655bd2-8d82\" id=\"gspb_container-id-gsbp-eb655bd2-8d82\">\n<div id=\"gspb_text-id-gsbp-63f37a7b-ff50\" class=\"gspb_text gspb_text-id-gsbp-63f37a7b-ff50 \"><strong><strong><strong>Eva Umlaufs interaktives digitales Zeugnis<\/strong><\/strong><\/strong><\/div>\n<\/div>\n\n\n\n<p>Eva Umlauf wurde am 19. Dezember 1942 im Zwangs- und Durchgangslager Nov\u00e1ky geboren. Mit knapp zwei Jahren wurde sie mit ihrer schwangeren Mutter nach Auschwitz deportiert.<\/p>\n\n\n\n<p>Am 27. Januar 1945 wurde das Lager durch die Rote Armee befreit. Ein halbes Jahr sp\u00e4ter kehrte Eva mit ihrer Mutter und ihrer kleinen Schwester in die Slowakei zur\u00fcck; der Vater \u00fcberlebte nicht.<\/p>\n\n\n\n<p>Sie studierte Medizin in Bratislava. Nach einem Herzinfarkt 2014 beschloss sie, ihre Geschichte in einem Buch niederzuschreiben. Heute lebt sie in M\u00fcnchen, arbeitet als Psychotherapeutin und setzt sich aktiv gegen das Vergessen der NS-Zeit ein \u2013 unter anderem in den Projekten LediZ und VoViREx.&nbsp;<\/p>\n\n\n\n<p>Eva Umlauf ist eine der j\u00fcngsten \u00dcberlebenden des KZ Auschwitz.<\/p>\n\n\n\n<p>Umlauf, Eva\/ Oswalt, Stefanie (2016). \u201c<em>Die Nummer auf deinem Unterarm ist blau wie deine Augen.\u201d Erinnerungen. <\/em>Hamburg: Hoffmann &amp; Campe.<\/p>\n<\/div>\n<\/div>\n\n\n\n<div class=\"wp-block-greenshift-blocks-row-column gspb_row__col--6 gspb_row__col--md-12 gspb_row__col--sm-12 gspb_row__col--xs-12 gspb_col-id-gsbp-a37c9d78-cb8e\" id=\"gspb_col-id-gsbp-a37c9d78-cb8e\">\n<div class=\"wp-block-greenshift-blocks-container gspb_container gspb_container-gsbp-1cb8f007-b574 hvr-float\" id=\"gspb_container-id-gsbp-1cb8f007-b574\"><a class=\"gspb-containerlink\" href=\"https:\/\/apps.lediz.uni-muenchen.de\/eva\/\" rel=\"noopener\"><\/a>\n<div class=\"wp-block-greenshift-blocks-container gspb_container gspb_container-gsbp-b6b7146a-9066\" id=\"gspb_container-id-gsbp-b6b7146a-9066\">\n<div id=\"gspb_text-id-gsbp-56c9eba8-e1c0\" class=\"gspb_text gspb_text-id-gsbp-56c9eba8-e1c0 \"><strong><strong><strong>Das interaktive Zeugnis<\/strong><\/strong><br><strong><strong>online erleben\u00a0<\/strong><\/strong><\/strong><\/div>\n<\/div>\n\n\n\n<div class=\"wp-block-greenshift-blocks-image gspb_image gspb_image-id-gsbp-8eae4527-8491\" id=\"gspb_image-id-gsbp-8eae4527-8491\"><img decoding=\"async\" src=\"http:\/\/www.edu.lediz.lmu.de\/wordpress\/wp-content\/uploads\/2022\/10\/FullPortrait_Eva_LowerQuality-scaled.jpg\" data-src=\"\" alt=\"\" loading=\"lazy\" width=\"100%\" height=\"300\"\/><\/div>\n<\/div>\n<\/div>\n<\/div>\n\n\n\n<div style=\"height:0px\" aria-hidden=\"true\" class=\"wp-block-spacer tw-md-hidden tw-sm-hidden editorskit-no-desktop editorskit-no-tablet editorskit-no-mobile wp-container-content-b30579f5\"><\/div>\n\n\n\n<div class=\"wp-block-greenshift-blocks-row gspb_row gspb_row-id-gsbp-8ff1beb1-1862 gspb_row--gutter-custom-0\" id=\"gspb_row-id-gsbp-8ff1beb1-1862\">\n<div class=\"wp-block-greenshift-blocks-row-column gspb_row__col--6 gspb_row__col--md-12 gspb_row__col--sm-12 gspb_row__col--xs-12 gspb_col-id-gsbp-73eb2ce3-65c1\" id=\"gspb_col-id-gsbp-73eb2ce3-65c1\">\n<div class=\"wp-block-group is-layout-flow wp-block-group-is-layout-flow\" style=\"padding-top:10px;padding-right:10px;padding-bottom:10px;padding-left:10px\">\n<h4 class=\"wp-block-heading\" id=\"beispielfragen\">Beispielfragen<\/h4>\n\n\n\n<p>Die folgenden Fragen wurden besonders h\u00e4ufig bei Begegnungen Eva Umlaufs mit Sch\u00fcler:innen und Besucher:innen gestellt und k\u00f6nnten auch f\u00fcr Sie interessant sein. Es sind Fragen zu ihrer Verfolgungsgeschichte, ihrem Privatleben und ihren Einstellungen:<\/p>\n\n\n\n<ol class=\"wp-block-list\">\n<li>Was ist die wichtigste Botschaft, die Sie \u00fcbermitteln wollen?<\/li>\n\n\n\n<li>Warum haben Sie Ihr Tattoo behalten?<\/li>\n\n\n\n<li>Welche Erinnerungen haben Sie an Ihren Vater?<\/li>\n\n\n\n<li>Wann fragten Sie das erste Mal nach der Bedeutung Ihrer eint\u00e4towierten Nummer?<\/li>\n\n\n\n<li>Wo liegt f\u00fcr Sie Ihre Heimat heute?<\/li>\n\n\n\n<li>Sahen Sie sich in der Zeit nach Ihrem Umzug nach M\u00fcnchen antisemitischen Haltungen oder Handlungen ausgesetzt?<\/li>\n\n\n\n<li>Wie beeinflusst Ihre Vergangenheit Ihre Arbeit?<\/li>\n\n\n\n<li>W\u00fcrden Sie uns Ihr Tattoo zeigen?<\/li>\n\n\n\n<li>Welcher Nationalit\u00e4t f\u00fchlen Sie sich heute zugeh\u00f6rig?<\/li>\n\n\n\n<li>Was erz\u00e4hlte Ihre Mutter von Ihrem Vater?<\/li>\n<\/ol>\n<\/div>\n<\/div>\n\n\n\n<div class=\"wp-block-greenshift-blocks-row-column gspb_row__col--6 gspb_row__col--md-12 gspb_row__col--sm-12 gspb_row__col--xs-12 gspb_col-id-gsbp-ed46ef0b-58e2\" id=\"gspb_col-id-gsbp-ed46ef0b-58e2\">\n<div class=\"wp-block-greenshift-blocks-container gspb_container gspb_container-gsbp-18d0e201-0630\" id=\"gspb_container-id-gsbp-18d0e201-0630\">\n<div style=\"height:17px\" aria-hidden=\"true\" class=\"wp-block-spacer\"><\/div>\n\n\n\n<h4 class=\"wp-block-heading\" id=\"beispielfragen\">Erkl\u00e4rvideo<\/h4>\n\n\n\n<figure class=\"wp-block-embed is-type-video is-provider-youtube wp-block-embed-youtube wp-embed-aspect-16-9 wp-has-aspect-ratio\"><div class=\"wp-block-embed__wrapper\">\n<iframe loading=\"lazy\" title=\"Tutorial: Interaktive digitale Zeugnisse\" width=\"500\" height=\"281\" src=\"https:\/\/www.youtube.com\/embed\/jZWfGEHJAHg?feature=oembed\" frameborder=\"0\" allow=\"accelerometer; autoplay; clipboard-write; encrypted-media; gyroscope; picture-in-picture; web-share\" referrerpolicy=\"strict-origin-when-cross-origin\" allowfullscreen><\/iframe>\n<\/div><\/figure>\n<\/div>\n\n\n\n<div style=\"height:20px\" aria-hidden=\"true\" class=\"wp-block-spacer\"><\/div>\n\n\n\n<div class=\"wp-block-greenshift-blocks-container gspb_container gspb_container-gsbp-6fdce1eb-fe74\" id=\"gspb_container-id-gsbp-6fdce1eb-fe74\">\n<div class=\"wp-block-greenshift-blocks-container gspb_container gspb_container-gsbp-25212a6b-0735 hvr-float\" id=\"gspb_container-id-gsbp-25212a6b-0735\"><a class=\"gspb-containerlink\" href=\"http:\/\/www.edu.lediz.lmu.de\/wordpress\/bildung-de\/\" rel=\"noopener\"><\/a>\n<div id=\"gspb_text-id-gsbp-7a1c98b5-eebb\" class=\"gspb_text gspb_text-id-gsbp-7a1c98b5-eebb \"><strong><strong><strong><strong><strong><strong><strong><strong><strong><strong>Bildungsmaterialien<\/strong><\/strong><\/strong><\/strong><\/strong><\/strong><\/strong><\/strong><\/strong><\/strong><\/div>\n<\/div>\n<\/div>\n<\/div>\n<\/div>\n<\/div>\n","protected":false},"excerpt":{"rendered":"","protected":false},"author":1,"featured_media":0,"parent":0,"menu_order":0,"comment_status":"closed","ping_status":"closed","template":"wp-custom-template-ledi-z-default","meta":{"_editorskit_title_hidden":false,"_editorskit_reading_time":1,"_editorskit_is_block_options_detached":false,"_editorskit_block_options_position":"{}","_gspb_post_css":"@import url(https:\/\/fonts.googleapis.com\/css?family=Fira+Sans|Fira+Sans|Fira+Sans);.gspb_text-id-gsbp-63f37a7b-ff50{font-weight:400;font-family:Fira Sans,sans-serif;font-size:2.1ch;text-align:center!important;color:#fff}.gspb_text-id-gsbp-63f37a7b-ff50 .gsap-g-line{text-align:center!important}.gspb_text-id-gsbp-56c9eba8-e1c0{color:#fff}#gspb_image-id-gsbp-8eae4527-8491{text-align:center;height:auto}#gspb_image-id-gsbp-8eae4527-8491 img{object-fit:fill;object-position:50% 51%;vertical-align:middle;display:inline-block;box-sizing:border-box;max-width:100%;border-style:none;width:100%;height:auto}@media (max-width:991.98px){#gspb_image-id-gsbp-8eae4527-8491,#gspb_image-id-gsbp-8eae4527-8491 img{height:auto}}@media (max-width:767.98px){#gspb_image-id-gsbp-8eae4527-8491,#gspb_image-id-gsbp-8eae4527-8491 img{height:auto}}@media (max-width:575.98px){#gspb_image-id-gsbp-8eae4527-8491,#gspb_image-id-gsbp-8eae4527-8491 img{height:auto}}#gspb_row-id-gsbp-70142423-6d39{justify-content:space-between;display:flex;column-gap:18px;flex-wrap:nowrap}#gspb_row-id-gsbp-70142423-6d39>.gspb_row__content,#gspb_row-id-gsbp-8ff1beb1-1862>.gspb_row__content{display:flex;justify-content:space-between;margin:0 auto;width:100%;flex-wrap:wrap}div[id^=gspb_col-id]{padding:15px min(3vw,20px);box-sizing:border-box;position:relative}@media (max-width:991.98px){#gspb_row-id-gsbp-70142423-6d39{row-gap:18px;column-gap:18px;flex-wrap:wrap}}@media (max-width:767.98px){#gspb_row-id-gsbp-70142423-6d39{row-gap:15px;flex-wrap:wrap}}@media (max-width:575.98px){#gspb_row-id-gsbp-70142423-6d39{row-gap:15px;flex-wrap:wrap}}#gspb_row-id-gsbp-70142423-6d39{align-content:flex-start;margin:1%}@media (max-width:575.98px){#gspb_row-id-gsbp-70142423-6d39{margin-top:5%;margin-bottom:5%;padding-top:5px;padding-bottom:5px}}.gspb_text-id-gsbp-56c9eba8-e1c0,.gspb_text-id-gsbp-7a1c98b5-eebb{font-weight:400;font-family:Fira Sans,sans-serif;font-size:1.6ch;text-align:center!important}.gspb_text-id-gsbp-56c9eba8-e1c0 .gsap-g-line,.gspb_text-id-gsbp-7a1c98b5-eebb .gsap-g-line{text-align:center!important}#gspb_row-id-gsbp-8ff1beb1-1862{justify-content:space-between;display:flex;column-gap:18px;flex-wrap:nowrap}.gspb_row{position:relative}@media (max-width:991.98px){#gspb_row-id-gsbp-8ff1beb1-1862{row-gap:18px;column-gap:18px;flex-wrap:wrap}}@media (max-width:767.98px){#gspb_row-id-gsbp-8ff1beb1-1862{row-gap:15px;flex-wrap:wrap}}@media (max-width:575.98px){#gspb_row-id-gsbp-8ff1beb1-1862{row-gap:15px;flex-wrap:wrap}}#gspb_row-id-gsbp-8ff1beb1-1862{align-content:flex-start;margin:1%}@media (max-width:575.98px){#gspb_row-id-gsbp-8ff1beb1-1862{margin-top:5%;margin-bottom:5%;padding-top:5px;padding-bottom:5px}}#gspb_col-id-gsbp-e3bfeb82-efc3.gspb_row__col--6{width:calc(50% - 15px)}@media (max-width:991.98px){#gspb_col-id-gsbp-e3bfeb82-efc3.gspb_row__col--6{width:calc(142.30769230769232% - 15px)}}@media (max-width:767.98px){#gspb_col-id-gsbp-e3bfeb82-efc3.gspb_row__col--6{width:calc(142.30769230769232% - 15px)}}@media (max-width:575.98px){#gspb_col-id-gsbp-e3bfeb82-efc3.gspb_row__col--6{width:calc(142.30769230769232% - 15px)}}@media (min-width:992px){body.gspb-bodyfront #gspb_col-id-gsbp-e3bfeb82-efc3.gspb_row__col--6{width:calc(100% - 15px - 0px)}}#gspb_col-id-gsbp-e3bfeb82-efc3.gspb_row__col--6{background-color:#fff;border-style:none;border-width:7px;border-color:#ffa800}#gspb_col-id-gsbp-e3bfeb82-efc3.gspb_row__col--6,#gspb_col-id-gsbp-e3bfeb82-efc3.gspb_row__col--6>.gspb_backgroundOverlay{border-top-left-radius:12px;border-top-right-radius:12px;border-bottom-right-radius:12px;border-bottom-left-radius:12px}.gspb_container-id-gsbp-296af147-49cd{flex-direction:column;box-sizing:border-box}#gspb_container-id-gsbp-18d0e201-0630.gspb_container>p:last-of-type,#gspb_container-id-gsbp-1cb8f007-b574.gspb_container>p:last-of-type,#gspb_container-id-gsbp-25212a6b-0735.gspb_container>p:last-of-type,#gspb_container-id-gsbp-296af147-49cd.gspb_container>p:last-of-type,#gspb_container-id-gsbp-6fdce1eb-fe74.gspb_container>p:last-of-type,#gspb_container-id-gsbp-b6b7146a-9066.gspb_container>p:last-of-type,#gspb_container-id-gsbp-eb655bd2-8d82.gspb_container>p:last-of-type{margin-bottom:0}#gspb_container-id-gsbp-296af147-49cd.gspb_container{height:100%;border-style:none;isolation:isolate}#gspb_container-id-gsbp-296af147-49cd.gspb_container>.gspb_backgroundOverlay{position:absolute;top:0;left:0;width:100%;height:100%;z-index:-1}#gspb_container-id-gsbp-eb655bd2-8d82.gspb_container{display:flex;flex-wrap:nowrap;justify-content:center;align-content:center;align-items:center;height:16vh;background-color:#d62320}#gspb_col-id-gsbp-a37c9d78-cb8e.gspb_row__col--6{width:calc(50% - 15px)}@media (max-width:991.98px){#gspb_col-id-gsbp-a37c9d78-cb8e.gspb_row__col--6{width:calc(142.30769230769232% - 15px)}}@media (max-width:767.98px){#gspb_col-id-gsbp-a37c9d78-cb8e.gspb_row__col--6{width:calc(142.30769230769232% - 15px)}}@media (max-width:575.98px){#gspb_col-id-gsbp-a37c9d78-cb8e.gspb_row__col--6{width:calc(142.30769230769232% - 15px)}}#gspb_col-id-gsbp-a37c9d78-cb8e.gspb_row__col--6{order:1;border-style:none;border-width:5px;border-color:#d40f18}body #gspb_col-id-gsbp-a37c9d78-cb8e.gspb_row__col--6{align-content:center}#gspb_col-id-gsbp-a37c9d78-cb8e.gspb_row__col--6,#gspb_col-id-gsbp-a37c9d78-cb8e.gspb_row__col--6>.gspb_backgroundOverlay,#gspb_container-id-gsbp-1cb8f007-b574.gspb_container,#gspb_container-id-gsbp-1cb8f007-b574.gspb_container>.gspb_backgroundOverlay{border-top-left-radius:12px;border-top-right-radius:12px;border-bottom-right-radius:12px;border-bottom-left-radius:12px}.gspb_container-id-gsbp-1cb8f007-b574,.gspb_container-id-gsbp-b6b7146a-9066,.gspb_container-id-gsbp-eb655bd2-8d82{flex-direction:column;box-sizing:border-box}#gspb_container-id-gsbp-1cb8f007-b574.gspb_container{box-shadow:8px 10px 13px 6px #0000004a;border-style:solid;border-width:5px;border-color:#d40f18;background-color:#000}#gspb_container-id-gsbp-1cb8f007-b574.gspb_container .gspb-containerlink{position:absolute;top:0;left:0;right:0;bottom:0;z-index:1}#gspb_container-id-gsbp-b6b7146a-9066.gspb_container{display:flex;flex-wrap:nowrap;justify-content:center;align-content:center;align-items:center;height:9vh;border-top-width:3px;border-right-width:3px;border-style:none;border-left-width:3px;background-color:#d62320}#gspb_col-id-gsbp-73eb2ce3-65c1.gspb_row__col--6{width:calc(50% - 15px)}@media (max-width:991.98px){#gspb_col-id-gsbp-73eb2ce3-65c1.gspb_row__col--6{width:calc(142.30769230769232% - 15px)}}@media (max-width:767.98px){#gspb_col-id-gsbp-73eb2ce3-65c1.gspb_row__col--6{width:calc(142.30769230769232% - 15px)}}@media (max-width:575.98px){#gspb_col-id-gsbp-73eb2ce3-65c1.gspb_row__col--6{width:calc(142.30769230769232% - 15px)}}#gspb_col-id-gsbp-73eb2ce3-65c1.gspb_row__col--6{background-color:#fff;border-style:none;border-width:7px;border-color:#ffa800}#gspb_col-id-gsbp-73eb2ce3-65c1.gspb_row__col--6,#gspb_col-id-gsbp-73eb2ce3-65c1.gspb_row__col--6>.gspb_backgroundOverlay,#gspb_col-id-gsbp-ed46ef0b-58e2.gspb_row__col--6>.gspb_backgroundOverlay,#gspb_container-id-gsbp-18d0e201-0630.gspb_container>.gspb_backgroundOverlay,#gspb_container-id-gsbp-25212a6b-0735.gspb_container>.gspb_backgroundOverlay{border-top-left-radius:12px;border-top-right-radius:12px;border-bottom-right-radius:12px;border-bottom-left-radius:12px}#gspb_col-id-gsbp-ed46ef0b-58e2.gspb_row__col--6{width:calc(50% - 15px)}@media (max-width:991.98px){#gspb_col-id-gsbp-ed46ef0b-58e2.gspb_row__col--6{width:calc(142.30769230769232% - 15px)}}@media (max-width:767.98px){#gspb_col-id-gsbp-ed46ef0b-58e2.gspb_row__col--6{width:calc(142.30769230769232% - 15px)}}@media (max-width:575.98px){#gspb_col-id-gsbp-ed46ef0b-58e2.gspb_row__col--6{width:calc(142.30769230769232% - 15px)}}#gspb_col-id-gsbp-ed46ef0b-58e2.gspb_row__col--6,#gspb_container-id-gsbp-18d0e201-0630.gspb_container{border-top-left-radius:12px;border-top-right-radius:12px;border-bottom-right-radius:12px;border-bottom-left-radius:12px}#gspb_col-id-gsbp-ed46ef0b-58e2.gspb_row__col--6{order:1;border-style:none;border-width:5px;border-color:#d40f18}body #gspb_col-id-gsbp-a37c9d78-cb8e.gspb_row__col--6,body #gspb_col-id-gsbp-ed46ef0b-58e2.gspb_row__col--6{display:flex;flex-direction:column;flex-wrap:nowrap;justify-content:flex-start;align-items:stretch}#gspb_container-id-gsbp-18d0e201-0630.gspb_container{padding:10px;background-color:#fff}#gspb_container-id-gsbp-6fdce1eb-fe74.gspb_container{display:flex;flex-direction:column;flex-wrap:nowrap;justify-content:flex-start;align-content:stretch;align-items:stretch}.gspb_container-id-gsbp-18d0e201-0630,.gspb_container-id-gsbp-25212a6b-0735,.gspb_container-id-gsbp-6fdce1eb-fe74{flex-direction:column;box-sizing:border-box}.gspb_container{position:relative}#gspb_container-id-gsbp-25212a6b-0735.gspb_container{display:flex;flex-direction:column;justify-content:center;box-shadow:8px 10px 13px 6px #0000004a;padding:10px;height:100%;border-top-left-radius:12px;border-top-right-radius:12px;border-bottom-right-radius:12px;border-bottom-left-radius:12px;border-style:none;border-width:5px;border-color:#d40f18;background-color:#fff}#gspb_container-id-gsbp-25212a6b-0735.gspb_container .gspb-containerlink{position:absolute;top:0;left:0;right:0;bottom:0;z-index:1}","footnotes":""},"class_list":["post-817","page","type-page","status-publish","hentry"],"_links":{"self":[{"href":"http:\/\/www.edu.lediz.lmu.de\/wordpress\/wp-json\/wp\/v2\/pages\/817","targetHints":{"allow":["GET"]}}],"collection":[{"href":"http:\/\/www.edu.lediz.lmu.de\/wordpress\/wp-json\/wp\/v2\/pages"}],"about":[{"href":"http:\/\/www.edu.lediz.lmu.de\/wordpress\/wp-json\/wp\/v2\/types\/page"}],"author":[{"embeddable":true,"href":"http:\/\/www.edu.lediz.lmu.de\/wordpress\/wp-json\/wp\/v2\/users\/1"}],"replies":[{"embeddable":true,"href":"http:\/\/www.edu.lediz.lmu.de\/wordpress\/wp-json\/wp\/v2\/comments?post=817"}],"version-history":[{"count":71,"href":"http:\/\/www.edu.lediz.lmu.de\/wordpress\/wp-json\/wp\/v2\/pages\/817\/revisions"}],"predecessor-version":[{"id":2730,"href":"http:\/\/www.edu.lediz.lmu.de\/wordpress\/wp-json\/wp\/v2\/pages\/817\/revisions\/2730"}],"wp:attachment":[{"href":"http:\/\/www.edu.lediz.lmu.de\/wordpress\/wp-json\/wp\/v2\/media?parent=817"}],"curies":[{"name":"wp","href":"https:\/\/api.w.org\/{rel}","templated":true}]}}